{"id":121,"date":"2010-11-12T14:03:49","date_gmt":"2010-11-12T14:03:49","guid":{"rendered":"http:\/\/www.puntotarot.com\/v2\/?page_id=121"},"modified":"2026-04-07T00:22:56","modified_gmt":"2026-04-07T00:22:56","slug":"acuario","status":"publish","type":"page","link":"https:\/\/www.puntotarot.com\/v2\/horoscopo-mes-a-mes\/acuario\/","title":{"rendered":"Predicciones Acuario marzo y abril 2026"},"content":{"rendered":"\n<p class=\"has-text-align-center\">Predicciones Acuario marzo y abril 2026 + para ascendente Acuario la influencia de Plut\u00f3n durante los pr\u00f3ximos 20 a\u00f1os<\/p>\n\n\n\n<h2 class=\"wp-block-heading has-text-align-center\"><strong>Predicciones acuario durante el mes de marzo 2026<\/strong><\/h2>\n\n\n\n<figure class=\"wp-block-image\"><a href=\"https:\/\/www.puntotarot.com\/v2\/gracias-por-tu-donativo\/\" target=\"_blank\" rel=\"noreferrer noopener\"><img fetchpriority=\"high\" decoding=\"async\" width=\"930\" height=\"110\" src=\"https:\/\/sp-ao.shortpixel.ai\/client\/to_auto,q_lossy,ret_img,w_930,h_110\/https:\/\/www.puntotarot.com\/v2\/wp-content\/uploads\/2026\/01\/Aqua-Background-Store-Header-930-x-110-px-1.jpg\" alt=\"\" class=\"wp-image-11516\" srcset=\"https:\/\/www.puntotarot.com\/v2\/wp-content\/uploads\/2026\/01\/Aqua-Background-Store-Header-930-x-110-px-1.jpg 930w, https:\/\/www.puntotarot.com\/v2\/wp-content\/uploads\/2026\/01\/Aqua-Background-Store-Header-930-x-110-px-1-300x35.jpg 300w, https:\/\/www.puntotarot.com\/v2\/wp-content\/uploads\/2026\/01\/Aqua-Background-Store-Header-930-x-110-px-1-768x91.jpg 768w\" sizes=\"(max-width: 930px) 100vw, 930px\" \/><\/a><\/figure>\n\n\n\n<h2 class=\"wp-block-heading has-text-align-center\"><a href=\"https:\/\/www.puntotarot.com\/v2\/gracias-por-tu-donativo\/\">Gracias por tu donativo!<\/a><a href=\"https:\/\/www.puntotarot.com\/v2\/gracias-por-tu-donativo\/\" target=\"_blank\" rel=\"noreferrer noopener\">&nbsp;<\/a><a href=\"https:\/\/www.puntotarot.com\/v2\/gracias-por-tu-donativo\/\" target=\"_blank\" rel=\"noreferrer noopener\">Con tu donaci\u00f3n ayudas a cubrir hosting, tiempo de creaci\u00f3n, m\u00e1s contenido y seguir libre de publicidad. .<br>\u00a1Gracias por apoyar!<\/a><\/h2>\n\n\n\n<h2 class=\"wp-block-heading has-text-align-center\">Escucha tu hor\u00f3scopo aqu\u00ed Acuario marzo 2026<\/h2>\n\n\n\n<center><iframe src=\"https:\/\/creators.spotify.com\/pod\/profile\/puntotarot\/embed\/episodes\/Acuario-marzo-2026-Horscopo-Puntotarot-e3fstil\/a-acgnusa\" height=\"102px\" width=\"400px\" frameborder=\"0\" scrolling=\"no\"><\/iframe><\/center>\n\n\n\n<h2 class=\"wp-block-heading has-text-align-center\">Transcripci\u00f3n<\/h2>\n\n\n\n<p>Este mes no contamos con transcripci\u00f3n pero puedes escucharlo haciendo clic en el reproductor<\/p>\n\n\n\n<h2 class=\"wp-block-heading has-text-align-center\"><strong>Predicciones para el signo de acuario durante el mes de abril 2026<\/strong><\/h2>\n\n\n\n<figure class=\"wp-block-image\"><a href=\"https:\/\/www.puntotarot.com\/v2\/gracias-por-tu-donativo\/\" target=\"_blank\" rel=\"noreferrer noopener\"><img fetchpriority=\"high\" decoding=\"async\" width=\"930\" height=\"110\" src=\"https:\/\/sp-ao.shortpixel.ai\/client\/to_auto,q_lossy,ret_img,w_930,h_110\/https:\/\/www.puntotarot.com\/v2\/wp-content\/uploads\/2026\/01\/Aqua-Background-Store-Header-930-x-110-px-1.jpg\" alt=\"\" class=\"wp-image-11516\" srcset=\"https:\/\/www.puntotarot.com\/v2\/wp-content\/uploads\/2026\/01\/Aqua-Background-Store-Header-930-x-110-px-1.jpg 930w, https:\/\/www.puntotarot.com\/v2\/wp-content\/uploads\/2026\/01\/Aqua-Background-Store-Header-930-x-110-px-1-300x35.jpg 300w, https:\/\/www.puntotarot.com\/v2\/wp-content\/uploads\/2026\/01\/Aqua-Background-Store-Header-930-x-110-px-1-768x91.jpg 768w\" sizes=\"(max-width: 930px) 100vw, 930px\" \/><\/a><\/figure>\n\n\n\n<h2 class=\"wp-block-heading has-text-align-center\"><a href=\"https:\/\/www.puntotarot.com\/v2\/gracias-por-tu-donativo\/\">Gracias por tu donativo!<\/a><a href=\"https:\/\/www.puntotarot.com\/v2\/gracias-por-tu-donativo\/\" target=\"_blank\" rel=\"noreferrer noopener\">&nbsp;<\/a><a href=\"https:\/\/www.puntotarot.com\/v2\/gracias-por-tu-donativo\/\" target=\"_blank\" rel=\"noreferrer noopener\">Con tu donaci\u00f3n ayudas a cubrir hosting, tiempo de creaci\u00f3n, m\u00e1s contenido y seguir libre de publicidad. .<br>\u00a1Gracias por apoyar!<\/a><\/h2>\n\n\n\n<h2 class=\"wp-block-heading has-text-align-center\">Escucha tu hor\u00f3scopo aqu\u00ed Acuario abril 2026<\/h2>\n\n\n\n<center><iframe src=\"https:\/\/creators.spotify.com\/pod\/profile\/puntotarot\/embed\/episodes\/Acuario-abril-2026-Horscopo-Puntotarot-e3hhg00\/a-aciv3np\" height=\"102px\" width=\"400px\" frameborder=\"0\" scrolling=\"no\"><\/iframe><\/center>\n\n\n\n<h2 class=\"wp-block-heading has-text-align-center\">Transcripci\u00f3n<\/h2>\n\n\n\n<p>Bienvenidos nativos del signo de Acuario a las Predicciones de PuntoTarot. Vamos a ver c\u00f3mo se aspecta el mes de abril para ti. Acuario, antes de comenzar, continuemos con nuestras peticiones para que este mundo cada d\u00eda sea un lugar mejor para todos, que haya democracia, libertad, paz, prosperidad y bienestar para cada uno de los pueblos de este mundo y para que nos hagamos conscientes de cu\u00e1l es ese aporte, ese grano de arena que cada uno de nosotros puede dar para lograrlo.<\/p>\n\n\n\n<h2 class=\"wp-block-heading\">La palabra clave para el signo de Acuario durante el mes de abril es acci\u00f3n. <\/h2>\n\n\n\n<p>Acuario puede que por algunos momentos t\u00fa sientas desgano, como que si no quieres seguir haciendo las cosas, como que si est\u00e1s fastidiado. Sin embargo, esto lo vas a poder resolver sencillamente llevando a cabo las cosas, actuando.<\/p>\n\n\n\n<p>Veo que hay una reacci\u00f3n en cadena, un efecto domin\u00f3 que sale muy bien apectado para ti. Causalidades que te van llevando de la mano hacia nuevas posiciones que vas a poder ejercer, donde vas a poder estar y vas a poder ser productivo.<\/p>\n\n\n\n<p>Veo que hay una sensaci\u00f3n de improductividad, una sensaci\u00f3n de malestar, de inconformidad, como que si no hay una celebraci\u00f3n de lo bueno que tienes o una puede ser sensaci\u00f3n de que las cosas no son del todo justas.<\/p>\n\n\n\n<p>Veo que esto te est\u00e1 desgastando. Ok, entonces un momento para cambiar de canal para pensar en la acci\u00f3n. No es la emocionalidad de lo que puedas experimentar o de lo que hayas experimentado en el pasado. Mientras t\u00fa te enfoques en ese actuar, las cosas se van a dar. <\/p>\n\n\n\n<p>Tambi\u00e9n veo que hay una buena apertura relacionada con personas, relaciones interpersonales, contactos, personas conocidas y esto te abre los caminos, te abre puertas y caminos, te permite comenzar a activar eso, como te dije, esas causalidades que te pueden abrir las puertas. <\/p>\n\n\n\n<h2 class=\"wp-block-heading\">Tips en lo general para Acuario durante el mes de abril<\/h2>\n\n\n\n<p>Hay un deseo de retirarte de algo o de no seguir haciendo algo porque vas a estar como con una sensaci\u00f3n de agotamiento, de cansancio. Sin embargo, veo que hay activaci\u00f3n.<\/p>\n\n\n\n<p>Otra vez me vuelve a dar la imagen de esa reacci\u00f3n en cadena, de ese efecto domin\u00f3. Hay un contacto con personas extranjeras o quiz\u00e1 alguna empresa que tiene personas extranjeras que te abre las puertas y que te va a permitir cambiar de sensaci\u00f3n. <\/p>\n\n\n\n<p>Hay siembra de semillas que van a ser muy productivas para ti, vienen mejoras con respecto al hogar, la familia, el entorno cotidiano.<\/p>\n\n\n\n<p>Tambi\u00e9n hay innovaci\u00f3n, originalidad. Y esto es muy positivo para ti porque es coherente con tu propio signo, con tu propia esencia. Veo que activas comunicaciones que te van a dar frutos en corto o mediano plazo.<\/p>\n\n\n\n<p>Vas a soltar algo para poder avanzar. Y tambi\u00e9n vienen cambios importantes, no solamente en tu vida, sino en c\u00f3mo la vienes manejando. <\/p>\n\n\n\n<h2 class=\"wp-block-heading\"><strong>Acuario en el amor durante el mes de abril<\/strong><\/h2>\n\n\n\n<p>Nativos del signo de acuario que tienen pareja. Veo que hay un fortalecimiento de la relaci\u00f3n. Hay una mejor o una mayor claridad con respecto a lo que son las emociones. Tambi\u00e9n hay un proyecto que inician de manera creativa dentro de esas oportunidades que se te van a abrir en la medida que va avanzando el mes de abril.<\/p>\n\n\n\n<p>Incluso dir\u00eda que vas a ver muy buenas manifestaciones durante el mes de mayo. Gracias a las cosas que van sucediendo en el mes de abril. Veo que haces una diligencia que sale muy bien aspectado de que beneficia no solamente tu propio desarrollo personal, sino tambi\u00e9n beneficia la relaci\u00f3n como tal.<\/p>\n\n\n\n<p>Hay algo relacionado con veh\u00edculos, con traslados que salen muy bien, ha espectado para ti. Ten cuidado, eso s\u00ed, con robos, enga\u00f1os, hurtos o estafas dentro de tu casa. Hay una sensaci\u00f3n de falta de estabilidad que puede estar afectando.<\/p>\n\n\n\n<p>No solamente puede ser a ti o puede ser a tu pareja dentro de la relaci\u00f3n. <\/p>\n\n\n\n<p><strong>Nativos del signo de acuario que no tienen pareja<\/strong>. Veo que hay un \u00e9xito que se da, se gesta o se consolida durante este mes.<\/p>\n\n\n\n<p>Debes tener cuidado acuario con una sensaci\u00f3n de falta de valoraci\u00f3n en ti mismo. O sea, como que si las cosas no est\u00e1n fluyendo como quieres y eso va a hacer que t\u00fa mismo te auto cuestiones. Ok, entonces ten cuidado con eso. Ten cuidado con esa sensaci\u00f3n de malestar contigo mismo. <\/p>\n\n\n\n<p>Debes asumir las cosas con un mayor sentido pr\u00e1ctico, sin desgastarte para que puedas recuperar las ilusiones y puedas ver ese \u00e9xito que te sale marcado, pues materializarse durante este mes. <\/p>\n\n\n\n<h2 class=\"wp-block-heading\">Tips en el amor para el signo de Acuario durante el mes de abril <\/h2>\n\n\n\n<p>Algo que sale como lo ten\u00edas planificado, ciertos bloqueos que puedes superar a trav\u00e9s de la parte espiritual.<\/p>\n\n\n\n<p>Recuerdos o alguien del pasado. <\/p>\n\n\n\n<p>Veo que hay una conversaci\u00f3n que te aclara bastante los pensamientos. <\/p>\n\n\n\n<p>Productividad, algo relacionado con la figura materna o con familiares de la familia materna.<\/p>\n\n\n\n<p>Veo que hay una situaci\u00f3n aqu\u00ed que vas a poder resolver con estrategia, tenacidad y mejoras con respecto a la salud tuya o de las personas queridas. <\/p>\n\n\n\n<h2 class=\"wp-block-heading\">Acuario en el dinero durante el mes de abril<\/h2>\n\n\n\n<p>Ciertos problemas de comunicaci\u00f3n o malos entendidos en la parte econ\u00f3mica, laboral, profesional o de negocio. <\/p>\n\n\n\n<p>Veo que vas a tener la intuici\u00f3n muy exaltada y esto hace que las cosas comiencen a fluir de una mejor manera.<\/p>\n\n\n\n<p>Tambi\u00e9n hay una alegr\u00eda relacionado con estudios, actualizaci\u00f3n de conocimientos, puede ser tambi\u00e9n fabricaci\u00f3n artesanal. <\/p>\n\n\n\n<p>Vas a tomar decisiones, vas a poder elegir entre opciones que se te presentan o entre ideas o proyectos que tienes en mente. <\/p>\n\n\n\n<p>Tambi\u00e9n una resignificaci\u00f3n bastante positiva en la parte econ\u00f3mica e ingresos que comienzan a mejorar en tu vida.<\/p>\n\n\n\n<p>Hay una mejora con respecto al panorama econ\u00f3mico. <\/p>\n\n\n\n<h2 class=\"wp-block-heading\">Tips en el dinero para Acuario durante el mes de abril<\/h2>\n\n\n\n<p>Ten cuidado con enemigos ocultos, con envidia que pueden estar generando obst\u00e1culos dentro de tu entorno laboral.<\/p>\n\n\n\n<p>No cuentes todo lo que haces, no cuentes tus proyectos. Que una mano no sepa lo que hace la otra, como dice el refr\u00e1n, para que t\u00fa veas que las cosas comienzan a encaminarse de una mejor manera. Hay mucha envidia alrededor tuyo por algo que dominas, por algo que haces mejor que otras personas y es importante que act\u00faes con mucha cautela, con mucha tenacidad. <\/p>\n\n\n\n<p>Veo que hay creencias limitantes que vas a descubrir y te vas a ir liberando de esas creencias limitantes. Y esto va a permitir que asumas nuevos retos.<\/p>\n\n\n\n<p>Tambi\u00e9n vas a entrar en contacto con otras personas y esto te va a abrir puertas para nuevos negocios o para nuevas oportunidades a nivel econ\u00f3mico. <\/p>\n\n\n\n<p><strong>Las siete cartas para el signo de Acuario durante el mes de abril nos dicen<\/strong> Acuario es un momento para conectarte contigo mismo con la diplomacia, con esa capacidad que tienes para manejar varias cosas tambi\u00e9n al mismo tiempo. \u00bfPor qu\u00e9? Porque esto es como que el motor que te impulsa hacia el \u00e9xito durante todo el mes de abril.<\/p>\n\n\n\n<p>Bueno, Acuario, much\u00edsimas gracias por seguirnos. Si est\u00e1s interesado en una consulta personalizada, no dudes en comunicarte v\u00eda WhatsApp al + 5 7 3 16 2 3 8 5 8 4 8, que con gusto te estar\u00e9 dando la informaci\u00f3n para que puedas solicitar tu consulta. Much\u00edsimas gracias por seguirnos.<\/p>\n\n\n\n<p><\/p>\n\n\n\n<h2 class=\"wp-block-heading has-text-align-center\"><strong><em>Predicciones Acuario Hor\u00f3scopo anual 2025<\/em><\/strong><\/h2>\n\n\n\n<h2 class=\"wp-block-heading has-text-align-center\"><span style=\"color: #ff0000;\"><strong>Escucha las predicciones <span style=\"color: #0000ff;\">Acuario 2025<\/span> Aqu\u00ed Haciendo clic en el Play del reproductor!<\/strong><\/span><\/h2>\n\n\n\n<center><iframe src=\"https:\/\/creators.spotify.com\/pod\/show\/puntotarot\/embed\/episodes\/Acuario-2025-Horscopo-Puntotarot-e2sqtdq\/a-abmvo4q\" height=\"102px\" width=\"400px\" frameborder=\"0\" scrolling=\"no\"><\/iframe><\/center>\n\n\n\n<h2 class=\"wp-block-heading\"><strong>\u00bfAscendente Acuario? Escucha como impacta el tr\u00e1nsito de Plut\u00f3n aqu\u00ed<\/strong><\/h2>\n\n\n\n<p>A partir del 19 de noviembre pasado, Plut\u00f3n ingres\u00f3 definitivamente en el signo de Acuario y permanecer\u00e1 all\u00ed durante los pr\u00f3ximos 20 a\u00f1os. Este tr\u00e1nsito impactar\u00e1 a cada persona seg\u00fan el ascendente que tenga en su carta natal y tambi\u00e9n anualmente en el ascendente de la revoluci\u00f3n solar. Te recomiendo que escuches el audio correspondiente a tu ascendente natal y, en cada cumplea\u00f1os, el ascendente de tu revoluci\u00f3n solar para que est\u00e9s al tanto de c\u00f3mo te afectar\u00e1 Plut\u00f3n y de las grandes transformaciones que traer\u00e1 a tu vida.<\/p>\n\n\n\n<center><iframe src=\"https:\/\/creators.spotify.com\/pod\/show\/puntotarot\/embed\/episodes\/Ascendente-Acuario-y-Plutn-en-trnsito-en-tu-casa-1-e2r27tq\/a-abkpdnp\" height=\"102px\" width=\"400px\" frameborder=\"0\" scrolling=\"no\"><\/iframe><\/center>\n\n\n\n<p>Las predicciones para todos los signos&nbsp;<a href=\"https:\/\/www.puntotarot.com\/v2\/horoscopo-mes-a-mes\/\" target=\"_blank\" rel=\"noopener\">aqu\u00ed<\/a><\/p>\n","protected":false},"excerpt":{"rendered":"<p>Predicciones Acuario marzo y abril 2026 + para ascendente Acuario la influencia de Plut\u00f3n durante los pr\u00f3ximos 20<\/p>\n","protected":false},"author":1,"featured_media":4163,"parent":53,"menu_order":12,"comment_status":"open","ping_status":"closed","template":"","meta":{"_joinchat":[],"footnotes":""},"categories":[],"class_list":["post-121","page","type-page","status-publish","has-post-thumbnail","hentry"],"_links":{"self":[{"href":"https:\/\/www.puntotarot.com\/v2\/wp-json\/wp\/v2\/pages\/121","targetHints":{"allow":["GET"]}}],"collection":[{"href":"https:\/\/www.puntotarot.com\/v2\/wp-json\/wp\/v2\/pages"}],"about":[{"href":"https:\/\/www.puntotarot.com\/v2\/wp-json\/wp\/v2\/types\/page"}],"author":[{"embeddable":true,"href":"https:\/\/www.puntotarot.com\/v2\/wp-json\/wp\/v2\/users\/1"}],"replies":[{"embeddable":true,"href":"https:\/\/www.puntotarot.com\/v2\/wp-json\/wp\/v2\/comments?post=121"}],"version-history":[{"count":176,"href":"https:\/\/www.puntotarot.com\/v2\/wp-json\/wp\/v2\/pages\/121\/revisions"}],"predecessor-version":[{"id":11650,"href":"https:\/\/www.puntotarot.com\/v2\/wp-json\/wp\/v2\/pages\/121\/revisions\/11650"}],"up":[{"embeddable":true,"href":"https:\/\/www.puntotarot.com\/v2\/wp-json\/wp\/v2\/pages\/53"}],"wp:featuredmedia":[{"embeddable":true,"href":"https:\/\/www.puntotarot.com\/v2\/wp-json\/wp\/v2\/media\/4163"}],"wp:attachment":[{"href":"https:\/\/www.puntotarot.com\/v2\/wp-json\/wp\/v2\/media?parent=121"}],"wp:term":[{"taxonomy":"category","embeddable":true,"href":"https:\/\/www.puntotarot.com\/v2\/wp-json\/wp\/v2\/categories?post=121"}],"curies":[{"name":"wp","href":"https:\/\/api.w.org\/{rel}","templated":true}]}}