{"id":111,"date":"2010-11-12T13:57:33","date_gmt":"2010-11-12T13:57:33","guid":{"rendered":"http:\/\/www.puntotarot.com\/v2\/?page_id=111"},"modified":"2026-04-02T01:48:38","modified_gmt":"2026-04-02T01:48:38","slug":"libra","status":"publish","type":"page","link":"https:\/\/www.puntotarot.com\/v2\/horoscopo-mes-a-mes\/libra\/","title":{"rendered":"Predicciones Libra marzo y abril 2026"},"content":{"rendered":"\n<p class=\"has-text-align-center\"><strong>Predicciones Libra marzo y abril 2026<\/strong><strong>+ para los ascendente Libra la influencia de Plut\u00f3n durante los pr\u00f3ximos 20 a\u00f1os<\/strong><\/p>\n\n\n\n<h2 class=\"wp-block-heading has-text-align-center\"><span style=\"\">Predicciones para Libra durante el mes de marzo 2026<\/span><\/h2>\n\n\n\n<figure class=\"wp-block-image\"><a href=\"https:\/\/www.puntotarot.com\/v2\/gracias-por-tu-donativo\/\" target=\"_blank\" rel=\"noreferrer noopener\"><img fetchpriority=\"high\" decoding=\"async\" width=\"930\" height=\"110\" src=\"https:\/\/sp-ao.shortpixel.ai\/client\/to_auto,q_lossy,ret_img,w_930,h_110\/https:\/\/www.puntotarot.com\/v2\/wp-content\/uploads\/2026\/01\/Aqua-Background-Store-Header-930-x-110-px-1.jpg\" alt=\"\" class=\"wp-image-11516\" srcset=\"https:\/\/www.puntotarot.com\/v2\/wp-content\/uploads\/2026\/01\/Aqua-Background-Store-Header-930-x-110-px-1.jpg 930w, https:\/\/www.puntotarot.com\/v2\/wp-content\/uploads\/2026\/01\/Aqua-Background-Store-Header-930-x-110-px-1-300x35.jpg 300w, https:\/\/www.puntotarot.com\/v2\/wp-content\/uploads\/2026\/01\/Aqua-Background-Store-Header-930-x-110-px-1-768x91.jpg 768w\" sizes=\"(max-width: 930px) 100vw, 930px\" \/><\/a><\/figure>\n\n\n\n<h2 class=\"wp-block-heading has-text-align-center\"><a href=\"https:\/\/www.puntotarot.com\/v2\/gracias-por-tu-donativo\/\"><\/a><a href=\"https:\/\/www.puntotarot.com\/v2\/gracias-por-tu-donativo\/\">Gracias por tu donativo!<\/a>&nbsp;<a href=\"https:\/\/www.puntotarot.com\/v2\/gracias-por-tu-donativo\/\" target=\"_blank\" rel=\"noreferrer noopener\"><\/a><a href=\"https:\/\/www.puntotarot.com\/v2\/gracias-por-tu-donativo\/\" target=\"_blank\" rel=\"noreferrer noopener\">Con tu donaci\u00f3n ayudas a cubrir hosting, tiempo de creaci\u00f3n, m\u00e1s contenido y seguir libre de publicidad&#8230;<br>\u00a1Gracias por apoyar!<\/a><\/h2>\n\n\n\n<h2 class=\"wp-block-heading has-text-align-center\"><strong>Escucha las predicciones marzo 2026 en Audio para el signo de Libra aqu\u00ed Haz clic en el reproductor<\/strong><\/h2>\n\n\n\n<center><iframe src=\"https:\/\/creators.spotify.com\/pod\/profile\/puntotarot\/embed\/episodes\/Libra-marzo-2026-Horscopo-Puntotarot-e3fsg2b\/a-acgnb4f\" height=\"102px\" width=\"400px\" frameborder=\"0\" scrolling=\"no\"><\/iframe><\/center>\n\n\n\n<h2 class=\"wp-block-heading has-text-align-center\">Transcripci\u00f3n<\/h2>\n\n\n\n<p>Este mes no contamos con transcripci\u00f3n pero puedes escuchar tu hor\u00f3scopo haciendo clic en el reproductor <\/p>\n\n\n\n<h2 class=\"wp-block-heading has-text-align-center\"><span style=\"\">Predicciones para el signo de Libra durante el mes de abril 2026<\/span><\/h2>\n\n\n\n<figure class=\"wp-block-image\"><a href=\"https:\/\/www.puntotarot.com\/v2\/gracias-por-tu-donativo\/\" target=\"_blank\" rel=\"noreferrer noopener\"><img fetchpriority=\"high\" decoding=\"async\" width=\"930\" height=\"110\" src=\"https:\/\/sp-ao.shortpixel.ai\/client\/to_auto,q_lossy,ret_img,w_930,h_110\/https:\/\/www.puntotarot.com\/v2\/wp-content\/uploads\/2026\/01\/Aqua-Background-Store-Header-930-x-110-px-1.jpg\" alt=\"\" class=\"wp-image-11516\" srcset=\"https:\/\/www.puntotarot.com\/v2\/wp-content\/uploads\/2026\/01\/Aqua-Background-Store-Header-930-x-110-px-1.jpg 930w, https:\/\/www.puntotarot.com\/v2\/wp-content\/uploads\/2026\/01\/Aqua-Background-Store-Header-930-x-110-px-1-300x35.jpg 300w, https:\/\/www.puntotarot.com\/v2\/wp-content\/uploads\/2026\/01\/Aqua-Background-Store-Header-930-x-110-px-1-768x91.jpg 768w\" sizes=\"(max-width: 930px) 100vw, 930px\" \/><\/a><\/figure>\n\n\n\n<h2 class=\"wp-block-heading has-text-align-center\"><a href=\"https:\/\/www.puntotarot.com\/v2\/gracias-por-tu-donativo\/\"><\/a><a href=\"https:\/\/www.puntotarot.com\/v2\/gracias-por-tu-donativo\/\">Gracias por tu donativo!<\/a>&nbsp;<a href=\"https:\/\/www.puntotarot.com\/v2\/gracias-por-tu-donativo\/\" target=\"_blank\" rel=\"noreferrer noopener\"><\/a><a href=\"https:\/\/www.puntotarot.com\/v2\/gracias-por-tu-donativo\/\" target=\"_blank\" rel=\"noreferrer noopener\">Con tu donaci\u00f3n ayudas a cubrir hosting, tiempo de creaci\u00f3n, m\u00e1s contenido y seguir libre de publicidad&#8230;<br>\u00a1Gracias por apoyar!<\/a><\/h2>\n\n\n\n<h2 class=\"wp-block-heading has-text-align-center\"><strong>Escucha las predicciones abril 2026 en Audio para el signo de Libra aqu\u00ed Haz clic en el reproductor<\/strong><\/h2>\n\n\n\n<center><iframe src=\"https:\/\/creators.spotify.com\/pod\/profile\/puntotarot\/embed\/episodes\/Libra-abril-2026-Horscopo-PuntoTarot-e3hadhs\/a-acilq3m\" height=\"102px\" width=\"400px\" frameborder=\"0\" scrolling=\"no\"><\/iframe><\/center>\n\n\n\n<h2 class=\"wp-block-heading has-text-align-center\">Transcripci\u00f3n<\/h2>\n\n\n\n<p>Bienvenidos nativos del signo de Libra a las Proyecciones de Punto Tarot. Vamos a ver c\u00f3mo se aspecta el mes de abril para ti. Libra, antes de comenzar continuemos con nuestras peticiones para que este mundo sea cada d\u00eda un lugar mejor para todos, que haya democracia, libertad, paz, prosperidad y bienestar para cada uno de los pueblos de este mundo y para que nos hagamos conscientes de cu\u00e1l es ese aporte, ese grano de arena que podemos dar para lograrlo.<\/p>\n\n\n\n<h2 class=\"wp-block-heading\">La palabra clave para el signo de Libra durante el mes de abril es creatividad <\/h2>\n\n\n\n<p>Libra yo veo que vas a tener como que una nueva manera de enfrentar las cosas, vas a estar especialmente creativo, vas a darle el frente a nuevos proyectos, vas a tener nuevas ideas y sobre todo vas a estar muy interesado en resolver algo que para ti hab\u00eda estado sinti\u00e9ndose improductivo y veo como que vas a tomar decisiones a partir de esa situaci\u00f3n<\/p>\n\n\n\n<p>Vas a tomar ese papel de liderazgo que te permite impulsar el movimiento hacia adelante. <\/p>\n\n\n\n<p>Veo tambi\u00e9n que hay algo aqu\u00ed que me llama la atenci\u00f3n que has estado quiz\u00e1 experimentando cierta improductividad en alg\u00fan aspecto, en alg\u00fan \u00e1rea de tu vida y gracias a esa creatividad vas a comenzar a hacer un proceso de transformaci\u00f3n como de sanaci\u00f3n en esa \u00e1rea de tu vida y tambi\u00e9n vas a impulsar movimientos nuevos, movimientos diferentes en funci\u00f3n de sentirte mejor y lo vas a lograr.<\/p>\n\n\n\n<p>Hay un tema all\u00ed pendiente con una persona conocida probablemente alguien que se aleja o toma distancia durante este mes. <\/p>\n\n\n\n<h2 class=\"wp-block-heading\">Tips en lo general para Libra durante el mes de abril<\/h2>\n\n\n\n<p>cierta sensaci\u00f3n de pesimismo en ti o en una persona querida. <\/p>\n\n\n\n<p>Veo que hay algo que llega del pasado puede ser el reencuentro, puede ser un recuerdo, tambi\u00e9n a otros les va a llegar la oportunidad de reconciliarse con alguien que tienen tiempo que no ven.<\/p>\n\n\n\n<p>Hay una situaci\u00f3n que deben manejar con suma prudencia relacionada con fechas de vencimiento, lapsos de tiempo, tambi\u00e9n con algo que se da\u00f1a, se pudre o se descompone. <\/p>\n\n\n\n<p>Veo que hay un proyecto que toma forma, que toma curso con bastante creatividad. <\/p>\n\n\n\n<p>Controlas o dominas una situaci\u00f3n&#8230;<\/p>\n\n\n\n<p>algo que sigues haciendo a pesar de que se presente como que bajo presi\u00f3n, como que si t\u00fa sintieras que te est\u00e1n presionando o alguien est\u00e1 manipulando la situaci\u00f3n.<\/p>\n\n\n\n<p>Veo que debes limpiar tus espacios, tus entornos, porque hay ciertas energ\u00edas all\u00ed condensadas que debes limpiar. <\/p>\n\n\n\n<h2 class=\"wp-block-heading\">Libra en el amor durante el mes de abril<\/h2>\n\n\n\n<p><strong>Nativos del signo de Libra que tienen pareja.<\/strong> Libra yo veo que hay bastante originalidad, van a cambiar la manera de llevar a cabo la relaci\u00f3n, van a querer salir de la rutina y esto sale muy bien aspectado, porque todo eso que ustedes lleven a cabo que de alguna manera lo saque de la rutina, les permita compartir en pareja, va a fortalecer la relaci\u00f3n.<\/p>\n\n\n\n<p>Tambi\u00e9n hay como que una aproximaci\u00f3n que van a hacer a la espiritualidad y esto fortalece los caminos, las metas que ustedes tienen en com\u00fan. <\/p>\n\n\n\n<p>Veo mucho fortalecimiento, cosas positivas que van a llegar a sus vidas gracias a ese encuentro con la dimensi\u00f3n espiritual. <\/p>\n\n\n\n<p>Hay tambi\u00e9n algo relacionado con veh\u00edculos que se resuelve en bien y para bien.<\/p>\n\n\n\n<p>Proactividad, reparaciones, mejoras, veo diligencias que se activan que dan muy buenos resultados. Hay algo que ustedes van a hacer progresivamente y sale positivo para ustedes. Deben tener cuidado, eso s\u00ed, con un apego, una dependencia que tienen que identificar y tienen que comenzar a trabajar para que no se vea afectada la relaci\u00f3n.<\/p>\n\n\n\n<p><strong>Nativos del signo de Libra que no tienen pareja.<\/strong> Libra veo que es muy importante que tengas claridad con respecto a la visi\u00f3n de futuro. \u00bfPor qu\u00e9? Porque viene saliendo de una situaci\u00f3n que fue complicada o que te hizo sentir cuesta arriba y es precisamente la visi\u00f3n de futuro lo que te va a permitir mirar hacia adelante y activar las comunicaciones para que las metas personales, tu desarrollo personal e incluso tu bienestar emocional se active de buena manera durante este periodo. Es muy importante esto, claridad con respecto a lo que quieres para ti y a lo que quieres ver materializado en el futuro. Acu\u00e9rdate que como estamos en la parte del amor te est\u00e1n hablando de  del ser, \u00bfok? De cu\u00e1les son esos cambios y de c\u00f3mo t\u00fa te quieres ver en el futuro y a partir de all\u00ed pues activar el movimiento. <\/p>\n\n\n\n<p>Puede que se den algunas situaciones un poco dif\u00edciles relacionadas con una persona cercana o querida o del entorno familiar.<\/p>\n\n\n\n<h2 class=\"wp-block-heading\">Tips en el amor para Libra durante el mes de abril<\/h2>\n\n\n\n<p>Elecci\u00f3n entre dos caminos que se te presentan. <\/p>\n\n\n\n<p>Vas a poder resolver algo con astucia. <\/p>\n\n\n\n<p>Hay comunicaciones que se activan de buena manera y que van a generar buenos resultados.<\/p>\n\n\n\n<p>Veo que vas a soltar algo para poder avanzar. <\/p>\n\n\n\n<p>Ten cuidado con celos, pasiones o envidias que vienen del entorno donde te desempe\u00f1as, donde te desenvuelves. <\/p>\n\n\n\n<p>Un trabajo en equipo que sale muy bien apectado y un proceso de resignificaci\u00f3n que va a ser muy valioso para ti durante el mes de abril.<\/p>\n\n\n\n<h2 class=\"wp-block-heading\">Libra en el dinero durante el mes de abril<\/h2>\n\n\n\n<p>Veo que tienes que tener cuidado con enemigos ocultos que han estado tratando de afectar el entorno laboral, la parte econ\u00f3mica laboral, profesional o de negocios. <\/p>\n\n\n\n<p>Veo muchos chismes, rumores, habladur\u00edas y tambi\u00e9n te veo como que yendo a los excesos o y\u00e9ndote a los extremos. Ten cuidado con eso porque de esas decisiones precipitadas no va a salir nada bueno.<\/p>\n\n\n\n<p>Es un momento para buscar estabilidad, para ser flexible porque probablemente algunos planes o metas que tienes se te retrasan y sobre todo es un momento para trabajar la parte espiritual porque veo enemigos ocultos tratando de afectar esa parte de tu vida. Entonces si comienzas a sentir bloqueos, trancamientos en la parte econ\u00f3mica, es un momento para trabajar esa parte a nivel espiritual y si no lo est\u00e1s sintiendo pues para abrirte mucho m\u00e1s los caminos por supuesto. <\/p>\n\n\n\n<h2 class=\"wp-block-heading\">Tips en el dinero para Libra durante el mes de abril<\/h2>\n\n\n\n<p>Una conversaci\u00f3n que implica un acuerdo de ayuda mutua, se te presenta una oportunidad para asumir nuevos retos.<\/p>\n\n\n\n<p>Veo que viene un ascenso, una mejora, reconocimiento, tambi\u00e9n puede ser mejora de imagen que representa un beneficio o ayuda que haya una mayor productividad a nivel econ\u00f3mico. <\/p>\n\n\n\n<p>Veo que hay un rev\u00e9s o contratiempo que retrasa ciertas cosas<\/p>\n\n\n\n<p>Inviertes dinero en ayudar a alguna persona del entorno familiar, hay evoluci\u00f3n en puertas y esto sale muy bien aspectado. <\/p>\n\n\n\n<p>Veo que hay algo relacionado con estudios o actualizaci\u00f3n de conocimientos que tambi\u00e9n es positivo para ti.<\/p>\n\n\n\n<p>Muchos de ustedes tambi\u00e9n van a pensar en activar la producci\u00f3n o fabricaci\u00f3n artesanal de algo y esto es favorable. <\/p>\n\n\n\n<p><strong>Las siete cartas para el signo de Libra durante el mes de abril nos dicen<\/strong> Libra es un momento para recuperar tu fe, el optimismo, el entusiasmo para conectarte con tu dimensi\u00f3n espiritual. Vas a poder mejorar la situaci\u00f3n econ\u00f3mica, laboral, profesional o de negocios.<\/p>\n\n\n\n<p>Limpia tu espacio, tu entorno, tus planes, tus proyectos tambi\u00e9n se pueden limpiar en funci\u00f3n de que las cosas comiencen a avanzar de la mejor manera posible. Se te van a presentar nuevos retos y estos nuevos retos te traen victoria. <\/p>\n\n\n\n<p>Veo que hay una activaci\u00f3n como una reacci\u00f3n en cadena, un efecto domin\u00f3 que puede traer muy buenos resultados y sobre todo hay un \u00e9xito que se da, se gesta o se consolida durante este mes.<\/p>\n\n\n\n<p>Bueno Libra, espero que esta consulta haya sido para ti de mucha utilidad, que tus caminos se abran. Recuerda que si est\u00e1s interesado en una consulta personalizada no dudes en comunicarte v\u00eda WhatsApp al + 5 7 3 16 2 3 8 5 8 4 8 que con gusto te estar\u00e9 dando la informaci\u00f3n para que puedas solicitar tu consulta.<\/p>\n\n\n\n<h2 class=\"wp-block-heading has-text-align-center\"><strong>\u00bfAscendente Libra? Escucha como impacta el tr\u00e1nsito de Plut\u00f3n aqu\u00ed<\/strong><\/h2>\n\n\n\n<p>A partir del 19 de noviembre pasado, Plut\u00f3n ingres\u00f3 definitivamente en el signo de Acuario y permanecer\u00e1 all\u00ed durante los pr\u00f3ximos 20 a\u00f1os. Este tr\u00e1nsito impactar\u00e1 a cada persona seg\u00fan el ascendente que tenga en su carta natal y tambi\u00e9n anualmente en el ascendente de la revoluci\u00f3n solar. Te recomiendo que escuches el audio correspondiente a tu ascendente natal y, en cada cumplea\u00f1os, el ascendente de tu revoluci\u00f3n solar para que est\u00e9s al tanto de c\u00f3mo te afectar\u00e1 Plut\u00f3n y de las grandes transformaciones que traer\u00e1 a tu vida.<\/p>\n\n\n\n<center><iframe src=\"https:\/\/creators.spotify.com\/pod\/show\/puntotarot\/embed\/episodes\/Ascendente-Libra--Plutn-transitando-tu-casa-5-e2r42nf\/a-abkrl3i\" height=\"102px\" width=\"400px\" frameborder=\"0\" scrolling=\"no\"><\/iframe><\/center>\n\n\n\n<p class=\"has-text-align-center\"><span style=\"color: #ff0000;\"><strong>Hor\u00f3scopo mensual signo a signo en este enlace<\/strong><\/span><\/p>\n\n\n\n<p class=\"has-text-align-center\"><strong><a href=\"https:\/\/www.puntotarot.com\/v2\/horoscopo-mes-a-mes\/\">Predicciones mes a mes Puntotarot<\/a><\/strong><\/p>\n","protected":false},"excerpt":{"rendered":"<p>Predicciones Libra marzo y abril 2026+ para los ascendente Libra la influencia de Plut\u00f3n durante los pr\u00f3ximos 20<\/p>\n","protected":false},"author":1,"featured_media":4147,"parent":53,"menu_order":7,"comment_status":"open","ping_status":"closed","template":"","meta":{"_joinchat":[],"footnotes":""},"categories":[],"class_list":["post-111","page","type-page","status-publish","has-post-thumbnail","hentry"],"_links":{"self":[{"href":"https:\/\/www.puntotarot.com\/v2\/wp-json\/wp\/v2\/pages\/111","targetHints":{"allow":["GET"]}}],"collection":[{"href":"https:\/\/www.puntotarot.com\/v2\/wp-json\/wp\/v2\/pages"}],"about":[{"href":"https:\/\/www.puntotarot.com\/v2\/wp-json\/wp\/v2\/types\/page"}],"author":[{"embeddable":true,"href":"https:\/\/www.puntotarot.com\/v2\/wp-json\/wp\/v2\/users\/1"}],"replies":[{"embeddable":true,"href":"https:\/\/www.puntotarot.com\/v2\/wp-json\/wp\/v2\/comments?post=111"}],"version-history":[{"count":177,"href":"https:\/\/www.puntotarot.com\/v2\/wp-json\/wp\/v2\/pages\/111\/revisions"}],"predecessor-version":[{"id":11642,"href":"https:\/\/www.puntotarot.com\/v2\/wp-json\/wp\/v2\/pages\/111\/revisions\/11642"}],"up":[{"embeddable":true,"href":"https:\/\/www.puntotarot.com\/v2\/wp-json\/wp\/v2\/pages\/53"}],"wp:featuredmedia":[{"embeddable":true,"href":"https:\/\/www.puntotarot.com\/v2\/wp-json\/wp\/v2\/media\/4147"}],"wp:attachment":[{"href":"https:\/\/www.puntotarot.com\/v2\/wp-json\/wp\/v2\/media?parent=111"}],"wp:term":[{"taxonomy":"category","embeddable":true,"href":"https:\/\/www.puntotarot.com\/v2\/wp-json\/wp\/v2\/categories?post=111"}],"curies":[{"name":"wp","href":"https:\/\/api.w.org\/{rel}","templated":true}]}}