{"id":109,"date":"2010-11-12T13:56:29","date_gmt":"2010-11-12T13:56:29","guid":{"rendered":"http:\/\/www.puntotarot.com\/v2\/?page_id=109"},"modified":"2026-04-02T01:33:32","modified_gmt":"2026-04-02T01:33:32","slug":"virgo","status":"publish","type":"page","link":"https:\/\/www.puntotarot.com\/v2\/horoscopo-mes-a-mes\/virgo\/","title":{"rendered":"Predicciones Virgo marzo y abril 2026"},"content":{"rendered":"\n<p class=\"has-text-align-center\"><strong>Predicciones Virgo marzo y abril 2026 <\/strong><strong>+ la influencia de Plut\u00f3n en los nativos Ascendente Virgo<\/strong><\/p>\n\n\n\n<h2 class=\"wp-block-heading has-text-align-center\"><strong>Predicciones Virgo durante el mes de <\/strong>marzo 2026<\/h2>\n\n\n\n<figure class=\"wp-block-image\"><a href=\"https:\/\/www.puntotarot.com\/v2\/gracias-por-tu-donativo\/\" target=\"_blank\" rel=\"noreferrer noopener\"><img fetchpriority=\"high\" decoding=\"async\" width=\"930\" height=\"110\" src=\"https:\/\/sp-ao.shortpixel.ai\/client\/to_auto,q_lossy,ret_img,w_930,h_110\/https:\/\/www.puntotarot.com\/v2\/wp-content\/uploads\/2026\/01\/Aqua-Background-Store-Header-930-x-110-px-1.jpg\" alt=\"\" class=\"wp-image-11516\" srcset=\"https:\/\/www.puntotarot.com\/v2\/wp-content\/uploads\/2026\/01\/Aqua-Background-Store-Header-930-x-110-px-1.jpg 930w, https:\/\/www.puntotarot.com\/v2\/wp-content\/uploads\/2026\/01\/Aqua-Background-Store-Header-930-x-110-px-1-300x35.jpg 300w, https:\/\/www.puntotarot.com\/v2\/wp-content\/uploads\/2026\/01\/Aqua-Background-Store-Header-930-x-110-px-1-768x91.jpg 768w\" sizes=\"(max-width: 930px) 100vw, 930px\" \/><\/a><\/figure>\n\n\n\n<h2 class=\"wp-block-heading has-text-align-center\"><a href=\"https:\/\/www.puntotarot.com\/v2\/gracias-por-tu-donativo\/\"><\/a><a href=\"https:\/\/www.puntotarot.com\/v2\/gracias-por-tu-donativo\/\">Gracias por tu donativo!<\/a>&nbsp;<a href=\"https:\/\/www.puntotarot.com\/v2\/gracias-por-tu-donativo\/\" target=\"_blank\" rel=\"noreferrer noopener\"><\/a><a href=\"https:\/\/www.puntotarot.com\/v2\/gracias-por-tu-donativo\/\" target=\"_blank\" rel=\"noreferrer noopener\">Con tu donaci\u00f3n ayudas a cubrir hosting, tiempo de creaci\u00f3n, m\u00e1s contenido y seguir libre de publicidad. <br>\u00a1Gracias por apoyar!<\/a><\/h2>\n\n\n\n<h2 class=\"wp-block-heading has-text-align-center\"><strong>Virgo marzo en este audio haz clic en el Play del reproductor!<\/strong><\/h2>\n\n\n\n<center><iframe src=\"https:\/\/creators.spotify.com\/pod\/profile\/puntotarot\/embed\/episodes\/Virgo-marzo-2026-Horscopo-Puntotarot-e3fsfuj\/a-acgnb15\" height=\"102px\" width=\"400px\" frameborder=\"0\" scrolling=\"no\"><\/iframe><\/center>\n\n\n\n<h2 class=\"wp-block-heading has-text-align-center\">Transcripci\u00f3n<\/h2>\n\n\n\n<p>Este mes no contamos con la transcripci\u00f3n pero puedes escucharlo haciendo clic en el reproductor<\/p>\n\n\n\n<h2 class=\"wp-block-heading has-text-align-center\"><strong>Predicciones Virgo durante el mes de <\/strong>abril 2026<\/h2>\n\n\n\n<figure class=\"wp-block-image\"><a href=\"https:\/\/www.puntotarot.com\/v2\/gracias-por-tu-donativo\/\" target=\"_blank\" rel=\"noreferrer noopener\"><img fetchpriority=\"high\" decoding=\"async\" width=\"930\" height=\"110\" src=\"https:\/\/sp-ao.shortpixel.ai\/client\/to_auto,q_lossy,ret_img,w_930,h_110\/https:\/\/www.puntotarot.com\/v2\/wp-content\/uploads\/2026\/01\/Aqua-Background-Store-Header-930-x-110-px-1.jpg\" alt=\"\" class=\"wp-image-11516\" srcset=\"https:\/\/www.puntotarot.com\/v2\/wp-content\/uploads\/2026\/01\/Aqua-Background-Store-Header-930-x-110-px-1.jpg 930w, https:\/\/www.puntotarot.com\/v2\/wp-content\/uploads\/2026\/01\/Aqua-Background-Store-Header-930-x-110-px-1-300x35.jpg 300w, https:\/\/www.puntotarot.com\/v2\/wp-content\/uploads\/2026\/01\/Aqua-Background-Store-Header-930-x-110-px-1-768x91.jpg 768w\" sizes=\"(max-width: 930px) 100vw, 930px\" \/><\/a><\/figure>\n\n\n\n<h2 class=\"wp-block-heading has-text-align-center\"><a href=\"https:\/\/www.puntotarot.com\/v2\/gracias-por-tu-donativo\/\"><\/a><a href=\"https:\/\/www.puntotarot.com\/v2\/gracias-por-tu-donativo\/\">Gracias por tu donativo!<\/a>&nbsp;<a href=\"https:\/\/www.puntotarot.com\/v2\/gracias-por-tu-donativo\/\" target=\"_blank\" rel=\"noreferrer noopener\"><\/a><a href=\"https:\/\/www.puntotarot.com\/v2\/gracias-por-tu-donativo\/\" target=\"_blank\" rel=\"noreferrer noopener\">Con tu donaci\u00f3n ayudas a cubrir hosting, tiempo de creaci\u00f3n, m\u00e1s contenido y seguir libre de publicidad. <br>\u00a1Gracias por apoyar!<\/a><\/h2>\n\n\n\n<h2 class=\"wp-block-heading has-text-align-center\"><strong>Virgo abril en este audio haz clic en el Play del reproductor!<\/strong><\/h2>\n\n\n\n<center><iframe src=\"https:\/\/creators.spotify.com\/pod\/profile\/puntotarot\/embed\/episodes\/Virgo-abril-2026-Horscopo-PuntoTarot-e3had1a\/a-acilpbh\" height=\"102px\" width=\"400px\" frameborder=\"0\" scrolling=\"no\"><\/iframe><\/center>\n\n\n\n<h2 class=\"wp-block-heading has-text-align-center\">Transcripci\u00f3n<\/h2>\n\n\n\n<p>Bienvenidos nativos del signo de Virgo a las predicciones de PuntoTarot, vamos a ver c\u00f3mo se aspecta el mes de abril para ti. Virgo, antes de comenzar continuemos con nuestras peticiones para que este mundo sea un lugar mejor para todos, que haya democracia, libertad, prosperidad, bienestar para cada uno de los pueblos de este mundo y para que nos hagamos conscientes de cu\u00e1l es ese aporte, ese grano de arena que cada uno de nosotros puede dar para lograrlo. <\/p>\n\n\n\n<h2 class=\"wp-block-heading\">La palabra clave para el signo de Virgo durante el mes de abril es creatividad<\/h2>\n\n\n\n<p>Veo que vas a tener un impulso creador muy grande, vas a tener la astucia para sembrar y que todas las siembras que hagas pues sean productivas para ti.<\/p>\n\n\n\n<p>Ahora, hay advertencias tambi\u00e9n que nos dicen que debes tener cuidado con los excesos o la tendencia de irte a los extremos porque esta tendencia puede hacer o producir mucha impulsividad en ti y si te manejas de manera impulsiva pues no vas a medir las consecuencias, no te vas a dar cuenta de los pros y los contras y puedes cometer errores. <\/p>\n\n\n\n<p>Hay productividad pero debes manejarte de manera comedida y no impulsivamente. <\/p>\n\n\n\n<p>Veo que debes tener cuidado con las comunicaciones durante todo el mes de abril, veo malos entendidos que pueden generar reveses o contratiempos innecesarios.<\/p>\n\n\n\n<p>Tambi\u00e9n es importante que tengas cuidado, te repito, de no asumir nuevos retos de manera impulsiva porque probablemente quieras abarcar m\u00e1s de lo que verdaderamente vas a querer llevar o vas a querer cargar en el futuro. <\/p>\n\n\n\n<h2 class=\"wp-block-heading\">Tips en lo general para Virgo durante el mes de abril<\/h2>\n\n\n\n<p>Ten cuidado con enemigos ocultos, ciertas creencias limitantes que vas a identificar y que es importante que trabajes para que te liberes de limitaciones, un proyecto que toma forma, que toma curso, nueva relaci\u00f3n de pareja para aquellos que no tienen pareja y para los que la tienen pues puede que se d\u00e9 un fortalecimiento de la relaci\u00f3n, activaci\u00f3n progresiva de temas importantes, mejoras con respecto a la capacidad de ahorro o a la seguridad social. <\/p>\n\n\n\n<p>Veo que hay ciertos retrasos en algunos planes o metas.<\/p>\n\n\n\n<h2 class=\"wp-block-heading\">Virgo en el amor durante el mes de abril <\/h2>\n\n\n\n<p><strong>Nativos del signo de virgo que tienen pareja<\/strong>, cierto movimiento emocional, algo que mueve o que conmueve porque algo como que se pierde, algo como que no se da como ustedes lo estaban esperando, hay una sensaci\u00f3n de que hay algo que se perdi\u00f3 pero queda algo aprovechable, entonces en este momento la lectura lo que te dice es que no te quedes pegado con lo que se perdi\u00f3, lo que se quebr\u00f3 y recupera lo que est\u00e1 en pie, lo que es recuperable para que puedas continuar. <\/p>\n\n\n\n<p>Veo que hay mejoras con respecto a las relaciones interpersonales, contactos, amistades y esto de alguna forma te va a ayudar no solamente a ti sino tambi\u00e9n a la pareja. <\/p>\n\n\n\n<p>Veo que hay mucha creatividad, fortalecimiento de la relaci\u00f3n pero tambi\u00e9n como que t\u00fa haces algo que fortalece a su vez la relaci\u00f3n.<\/p>\n\n\n\n<p>T\u00fa te enfocas en lograr tambi\u00e9n algunas metas que han estado all\u00ed pendientes. Ahora te doy un dato para lograr una meta que tienes pendientes o una meta que tienen pendiente como pareja, primero tienen que ponerse al d\u00eda con algunos asuntos que han quedado pendientes. <\/p>\n\n\n\n<p>Veo que hay comunicaciones que salen muy positivas, muy bien aspectadas.<\/p>\n\n\n\n<p><strong>Nativos del signo de virgo que no tienen pareja.<\/strong> Virgo veo que vas a tener muchas relaciones, muchas conversaciones como que mucha posibilidad de hablar con gente y esto te va a aclarar bastante los pensamientos. No solamente el hecho de hablar sino el hecho de escuchar a otras personas.<\/p>\n\n\n\n<p>Veo que hay un logro, algo que sale como lo ten\u00edas planificado, lideras cambios en tu vida, algo que se fortalece. <\/p>\n\n\n\n<p>Muchos de ustedes van a iniciar una relaci\u00f3n durante el mes de abril o conocen a alguien con quien van a poder iniciar una relaci\u00f3n. <\/p>\n\n\n\n<p>Veo que el mes de abril para ustedes es un periodo de gran resignificaci\u00f3n positiva.<\/p>\n\n\n\n<h2 class=\"wp-block-heading\">Tips en el amor para Virgo durante el mes de abril<\/h2>\n\n\n\n<p>Un consejo que pasas por alto. Es importante que te manejes con objetividad. <\/p>\n\n\n\n<p>Veo que hay un trabajo equipo que sale muy bien aspectado.<\/p>\n\n\n\n<p>Tambi\u00e9n elecci\u00f3n entre opciones o alternativas. <\/p>\n\n\n\n<p>Se fortalece la relaci\u00f3n para aquellos que tienen pareja. Para los que no tienen llega una nueva persona a su vida con quien van a iniciar una relaci\u00f3n. Puede ser en abril o en el futuro. <\/p>\n\n\n\n<p>Hay muchas emociones encontradas que van y vienen. Tengan cuidado con eso.<\/p>\n\n\n\n<p>Tengan tambi\u00e9n cuidado con las comunicaciones a la ofensiva o a la defensiva. Vienen soluciones en el \u00e1rea familiar. <\/p>\n\n\n\n<h2 class=\"wp-block-heading\">Virgo en el dinero durante el mes de abril<\/h2>\n\n\n\n<p>Cierta frustraci\u00f3n porque algo se te escapa de las manos.<\/p>\n\n\n\n<p>Ten cuidado con un proyecto del pasado o con una persona del pasado que va a querer hacer un negocio o pedir dinero. Alguien del pasado llega a tu vida econ\u00f3mica y esto no sale bien aspectado. Ten cuidado con eso.<\/p>\n\n\n\n<p>Veo que hay alegr\u00edas relacionadas con producci\u00f3n, fabricaci\u00f3n, producci\u00f3n en serie, algo artesanal tambi\u00e9n puede ser. <\/p>\n\n\n\n<p>Vas a activar ciertas diligencias que salen bien aspectadas. <\/p>\n\n\n\n<p>Hay mucha creatividad que te puede abrir los caminos en todos los sentidos a nivel econ\u00f3mico, laboral, profesional, bien sea de negocio.<\/p>\n\n\n\n<p>Debes tener cuidado con movimientos, desplazamientos o inversi\u00f3n de veh\u00edculos. Mucho cuidado con eso. <\/p>\n\n\n\n<p>Tambi\u00e9n aparece aqu\u00ed como que hay algo que te genera decepci\u00f3n. Una persona dentro del entorno laboral te genera cierta decepci\u00f3n. <\/p>\n\n\n\n<h2 class=\"wp-block-heading\">Tips en el dinero para Virgo durante el mes de abril <\/h2>\n\n\n\n<p>Veo mejoras econ\u00f3micas.<\/p>\n\n\n\n<p>Hay aumentos con respecto a los ingresos o recursos. <\/p>\n\n\n\n<p>Ten cuidado con estafas, enga\u00f1os, hurtos durante todo el mes. <\/p>\n\n\n\n<p>Veo que hay algo que no quieres hacer.<\/p>\n\n\n\n<p>Es momento de conectarte con la dimensi\u00f3n espiritual. <\/p>\n\n\n\n<p>Veo que recuperas ilusiones. <\/p>\n\n\n\n<p>Se te presentan alternativas. Vas a poder elegir entre opciones que se te presentan y sobre todo mejora la reciprocidad. <\/p>\n\n\n\n<p><strong>Las siete cartas para el signo de Virgo durante el mes de abril nos dicen<\/strong> Virgo, ten cuidado con la ansiedad, con querer apresurar el paso, con la impulsividad.<\/p>\n\n\n\n<p>Veo que es un momento maravilloso para ti si tienes templanza, si te manejas de manera comedida. <\/p>\n\n\n\n<p>Veo que hay algo relacionado con la salud tuya o de una persona querida que mejora o se resuelve. Si vienen alegr\u00edas a causa de esto. <\/p>\n\n\n\n<p>Bueno Virgo, espero que esta consulta haya sido de mucha utilidad para ti. Si est\u00e1s interesado en una consulta personalizada, pues no dudes en comunicarte v\u00eda WhatsApp al + 573162385848 que con gusto te estar\u00e9 dando la informaci\u00f3n para que puedas solicitar tu consulta.<\/p>\n\n\n\n<p>Much\u00edsimas gracias por seguirnos.<\/p>\n\n\n\n<h2 class=\"wp-block-heading has-text-align-center\"><strong>\u00bfAscendente Virgo? Escucha como impacta el tr\u00e1nsito de Plut\u00f3n aqu\u00ed<\/strong><\/h2>\n\n\n\n<p class=\"has-text-align-left\">A partir del 19 de noviembre pasado, Plut\u00f3n ingres\u00f3 definitivamente en el signo de Acuario y permanecer\u00e1 all\u00ed durante los pr\u00f3ximos 20 a\u00f1os. Este tr\u00e1nsito impactar\u00e1 a cada persona seg\u00fan el ascendente que tenga en su carta natal y tambi\u00e9n anualmente en el ascendente de la revoluci\u00f3n solar. Te recomiendo que escuches el audio correspondiente a tu ascendente natal y, en cada cumplea\u00f1os, el ascendente de tu revoluci\u00f3n solar para que est\u00e9s al tanto de c\u00f3mo te afectar\u00e1 Plut\u00f3n y de las grandes transformaciones que traer\u00e1 a tu vida.<\/p>\n\n\n\n<center><iframe src=\"https:\/\/creators.spotify.com\/pod\/show\/puntotarot\/embed\/episodes\/Ascendente-Virgo-y-Plutn-en-trnsito-por-tu-casa-6-e2r44q5\/a-abkrnjb\" height=\"102px\" width=\"400px\" frameborder=\"0\" scrolling=\"no\"><\/iframe> <\/center>\n\n\n\n<p>Puedes leer tambi\u00e9n tu hor\u00f3scopo diario aqu\u00ed <a href=\"https:\/\/www.puntotarot.com\/v2\/horoscopo-diario-de-puntotarot\/\">https:\/\/www.puntotarot.com\/v2\/horoscopo-diario-de-puntotarot\/<\/a><\/p>\n\n\n\n<p><\/p>\n","protected":false},"excerpt":{"rendered":"<p>Predicciones Virgo marzo y abril 2026 + la influencia de Plut\u00f3n en los nativos Ascendente Virgo Predicciones Virgo<\/p>\n","protected":false},"author":1,"featured_media":4145,"parent":53,"menu_order":6,"comment_status":"open","ping_status":"closed","template":"","meta":{"_joinchat":[],"footnotes":""},"categories":[],"class_list":["post-109","page","type-page","status-publish","has-post-thumbnail","hentry"],"_links":{"self":[{"href":"https:\/\/www.puntotarot.com\/v2\/wp-json\/wp\/v2\/pages\/109","targetHints":{"allow":["GET"]}}],"collection":[{"href":"https:\/\/www.puntotarot.com\/v2\/wp-json\/wp\/v2\/pages"}],"about":[{"href":"https:\/\/www.puntotarot.com\/v2\/wp-json\/wp\/v2\/types\/page"}],"author":[{"embeddable":true,"href":"https:\/\/www.puntotarot.com\/v2\/wp-json\/wp\/v2\/users\/1"}],"replies":[{"embeddable":true,"href":"https:\/\/www.puntotarot.com\/v2\/wp-json\/wp\/v2\/comments?post=109"}],"version-history":[{"count":169,"href":"https:\/\/www.puntotarot.com\/v2\/wp-json\/wp\/v2\/pages\/109\/revisions"}],"predecessor-version":[{"id":11640,"href":"https:\/\/www.puntotarot.com\/v2\/wp-json\/wp\/v2\/pages\/109\/revisions\/11640"}],"up":[{"embeddable":true,"href":"https:\/\/www.puntotarot.com\/v2\/wp-json\/wp\/v2\/pages\/53"}],"wp:featuredmedia":[{"embeddable":true,"href":"https:\/\/www.puntotarot.com\/v2\/wp-json\/wp\/v2\/media\/4145"}],"wp:attachment":[{"href":"https:\/\/www.puntotarot.com\/v2\/wp-json\/wp\/v2\/media?parent=109"}],"wp:term":[{"taxonomy":"category","embeddable":true,"href":"https:\/\/www.puntotarot.com\/v2\/wp-json\/wp\/v2\/categories?post=109"}],"curies":[{"name":"wp","href":"https:\/\/api.w.org\/{rel}","templated":true}]}}